{"id":679,"date":"2026-02-10T21:46:02","date_gmt":"2026-02-10T20:46:02","guid":{"rendered":"https:\/\/www.ibvbrezinka.sk\/?page_id=679"},"modified":"2026-03-14T17:46:25","modified_gmt":"2026-03-14T16:46:25","slug":"ochrana-sukromia","status":"publish","type":"page","link":"https:\/\/www.ibvbrezinka.sk\/en\/ochrana-sukromia\/","title":{"rendered":"OCHRANA SUKROMIA"},"content":{"rendered":"<div data-elementor-type=\"wp-page\" data-elementor-id=\"679\" class=\"elementor elementor-679\">\n\t\t\t\t\t\t<section class=\"elementor-section elementor-top-section elementor-element elementor-element-958106b elementor-section-content-middle elementor-section-boxed elementor-section-height-default elementor-section-height-default\" data-id=\"958106b\" data-element_type=\"section\" data-settings=\"{&quot;background_background&quot;:&quot;gradient&quot;}\">\n\t\t\t\t\t\t<div class=\"elementor-container elementor-column-gap-custom\">\n\t\t\t\t\t<div class=\"elementor-column elementor-col-100 elementor-top-column elementor-element elementor-element-ffaf46f elementor-invisible\" data-id=\"ffaf46f\" data-element_type=\"column\" data-settings=\"{&quot;animation&quot;:&quot;fadeInDown&quot;}\">\n\t\t\t<div class=\"elementor-widget-wrap elementor-element-populated\">\n\t\t\t\t<div class=\"elementor-element elementor-element-c365a54 e-flex e-con-boxed elementor-invisible e-con e-parent\" data-id=\"c365a54\" data-element_type=\"container\" data-settings=\"{&quot;background_background&quot;:&quot;gradient&quot;,&quot;animation&quot;:&quot;fadeInLeft&quot;}\">\n\t\t\t\t\t<div class=\"e-con-inner\">\n\t\t\t\t<div class=\"elementor-element elementor-element-67c8115 elementor-widget elementor-widget-heading\" data-id=\"67c8115\" data-element_type=\"widget\" data-widget_type=\"heading.default\">\n\t\t\t\t\t<h2 class=\"elementor-heading-title elementor-size-default\">Inform\u00e1cie o sprac\u00favan\u00ed osobn\u00fdch \u00fadajov<\/h2>\t\t\t\t<\/div>\n\t\t\t\t<div class=\"elementor-element elementor-element-458f875 elementor-widget elementor-widget-heading\" data-id=\"458f875\" data-element_type=\"widget\" data-widget_type=\"heading.default\">\n\t\t\t\t\t<h6 class=\"elementor-heading-title elementor-size-default\">Tento dokument vysvet\u013euje, ako naklad\u00e1me s va\u0161imi osobn\u00fdmi \u00fadajmi v s\u00favislosti s predajom pozemkov v lokalite <b data-path-to-node=\"4\" data-index-in-node=\"109\">Pribylina<\/b><\/h6>\t\t\t\t<\/div>\n\t\t\t\t\t<\/div>\n\t\t\t\t<\/div>\n\t\t\t\t\t<\/div>\n\t\t<\/div>\n\t\t\t\t\t<\/div>\n\t\t<\/section>\n\t\t\t\t<section class=\"elementor-section elementor-top-section elementor-element elementor-element-c25b05a elementor-section-content-middle elementor-section-boxed elementor-section-height-default elementor-section-height-default\" data-id=\"c25b05a\" data-element_type=\"section\" data-settings=\"{&quot;background_background&quot;:&quot;gradient&quot;}\">\n\t\t\t\t\t\t<div class=\"elementor-container elementor-column-gap-custom\">\n\t\t\t\t\t<div class=\"elementor-column elementor-col-100 elementor-top-column elementor-element elementor-element-b6f82ba elementor-invisible\" data-id=\"b6f82ba\" data-element_type=\"column\" data-settings=\"{&quot;animation&quot;:&quot;fadeInDown&quot;}\">\n\t\t\t<div class=\"elementor-widget-wrap elementor-element-populated\">\n\t\t\t\t<div class=\"elementor-element elementor-element-63ec605 e-flex e-con-boxed elementor-invisible e-con e-parent\" data-id=\"63ec605\" data-element_type=\"container\" data-settings=\"{&quot;background_background&quot;:&quot;gradient&quot;,&quot;animation&quot;:&quot;fadeInLeft&quot;}\">\n\t\t\t\t\t<div class=\"e-con-inner\">\n\t\t\t\t<div class=\"elementor-element elementor-element-a6cb323 elementor-widget elementor-widget-heading\" data-id=\"a6cb323\" data-element_type=\"widget\" data-widget_type=\"heading.default\">\n\t\t\t\t\t<h2 class=\"elementor-heading-title elementor-size-default\">1. Rozsah sprac\u00favan\u00fdch \u00fadajov<\/h2>\t\t\t\t<\/div>\n\t\t\t\t<div class=\"elementor-element elementor-element-bee8010 elementor-widget elementor-widget-heading\" data-id=\"bee8010\" data-element_type=\"widget\" data-widget_type=\"heading.default\">\n\t\t\t\t\t<h6 class=\"elementor-heading-title elementor-size-default\">Sprac\u00favame iba \u00fadaje, ktor\u00e9 n\u00e1m dobrovo\u013ene poskytnete prostredn\u00edctvom kontaktn\u00e9ho formul\u00e1ra za \u00fa\u010delom dopytu po pozemkoch:<br><b><span>-&nbsp;<\/span>Meno a priezvisko<br><span>-&nbsp;<\/span>E-mailov\u00e1 adresa<br><span>-&nbsp;<\/span>Telef\u00f3nne \u010d\u00edslo (ak ho uvediete)<br><span>-&nbsp;<\/span>Obsah spr\u00e1vy<\/b><\/h6>\t\t\t\t<\/div>\n\t\t\t\t\t<\/div>\n\t\t\t\t<\/div>\n\t\t\t\t\t<\/div>\n\t\t<\/div>\n\t\t\t\t\t<\/div>\n\t\t<\/section>\n\t\t\t\t<section class=\"elementor-section elementor-top-section elementor-element elementor-element-38aa0be elementor-section-content-middle elementor-section-boxed elementor-section-height-default elementor-section-height-default\" data-id=\"38aa0be\" data-element_type=\"section\" data-settings=\"{&quot;background_background&quot;:&quot;gradient&quot;}\">\n\t\t\t\t\t\t<div class=\"elementor-container elementor-column-gap-custom\">\n\t\t\t\t\t<div class=\"elementor-column elementor-col-100 elementor-top-column elementor-element elementor-element-2e991e1 elementor-invisible\" data-id=\"2e991e1\" data-element_type=\"column\" data-settings=\"{&quot;animation&quot;:&quot;fadeInDown&quot;}\">\n\t\t\t<div class=\"elementor-widget-wrap elementor-element-populated\">\n\t\t\t\t<div class=\"elementor-element elementor-element-13220ec e-flex e-con-boxed elementor-invisible e-con e-parent\" data-id=\"13220ec\" data-element_type=\"container\" data-settings=\"{&quot;background_background&quot;:&quot;gradient&quot;,&quot;animation&quot;:&quot;fadeInLeft&quot;}\">\n\t\t\t\t\t<div class=\"e-con-inner\">\n\t\t\t\t<div class=\"elementor-element elementor-element-9a4a3f5 elementor-widget elementor-widget-heading\" data-id=\"9a4a3f5\" data-element_type=\"widget\" data-widget_type=\"heading.default\">\n\t\t\t\t\t<h2 class=\"elementor-heading-title elementor-size-default\">2. \u00da\u010del a pr\u00e1vny z\u00e1klad sprac\u00favania<\/h2>\t\t\t\t<\/div>\n\t\t\t\t<div class=\"elementor-element elementor-element-8353eff elementor-widget elementor-widget-heading\" data-id=\"8353eff\" data-element_type=\"widget\" data-widget_type=\"heading.default\">\n\t\t\t\t\t<h6 class=\"elementor-heading-title elementor-size-default\"><p data-path-to-node=\"12\">Va\u0161e \u00fadaje sprac\u00favame v\u00fdhradne na to, aby sme v\u00e1m mohli odpoveda\u0165 na v\u00e1\u0161 dopyt a poskytn\u00fa\u0165 inform\u00e1cie o predaji \u0161tyroch pozemkov v Pribyline.<\/p><p data-path-to-node=\"12\"><b data-path-to-node=\"13,0,0\" data-index-in-node=\"0\" style=\"background-color: transparent\">Pr\u00e1vny z\u00e1klad:<\/b><span style=\"background-color: transparent\"> Sprac\u00favanie je nevyhnutn\u00e9 na vykonanie opatren\u00ed pred uzatvoren\u00edm zmluvy (\u010dl. 6 ods. 1 p\u00edsm. b) GDPR).<\/span><span style=\"background-color: transparent\"><\/span><\/p><\/h6>\t\t\t\t<\/div>\n\t\t\t\t\t<\/div>\n\t\t\t\t<\/div>\n\t\t\t\t\t<\/div>\n\t\t<\/div>\n\t\t\t\t\t<\/div>\n\t\t<\/section>\n\t\t\t\t<section class=\"elementor-section elementor-top-section elementor-element elementor-element-aa55c58 elementor-section-content-middle elementor-section-boxed elementor-section-height-default elementor-section-height-default\" data-id=\"aa55c58\" data-element_type=\"section\" data-settings=\"{&quot;background_background&quot;:&quot;gradient&quot;}\">\n\t\t\t\t\t\t<div class=\"elementor-container elementor-column-gap-custom\">\n\t\t\t\t\t<div class=\"elementor-column elementor-col-100 elementor-top-column elementor-element elementor-element-05609f3 elementor-invisible\" data-id=\"05609f3\" data-element_type=\"column\" data-settings=\"{&quot;animation&quot;:&quot;fadeInDown&quot;}\">\n\t\t\t<div class=\"elementor-widget-wrap elementor-element-populated\">\n\t\t\t\t<div class=\"elementor-element elementor-element-0db5527 e-flex e-con-boxed elementor-invisible e-con e-parent\" data-id=\"0db5527\" data-element_type=\"container\" data-settings=\"{&quot;background_background&quot;:&quot;gradient&quot;,&quot;animation&quot;:&quot;fadeInLeft&quot;}\">\n\t\t\t\t\t<div class=\"e-con-inner\">\n\t\t\t\t<div class=\"elementor-element elementor-element-a6ea56b elementor-widget elementor-widget-heading\" data-id=\"a6ea56b\" data-element_type=\"widget\" data-widget_type=\"heading.default\">\n\t\t\t\t\t<h2 class=\"elementor-heading-title elementor-size-default\">3. Doba uchov\u00e1vania \u00fadajov<\/h2>\t\t\t\t<\/div>\n\t\t\t\t<div class=\"elementor-element elementor-element-070148e elementor-widget elementor-widget-heading\" data-id=\"070148e\" data-element_type=\"widget\" data-widget_type=\"heading.default\">\n\t\t\t\t\t<h6 class=\"elementor-heading-title elementor-size-default\">Va\u0161e \u00fadaje uchov\u00e1vame len po dobu nevyhnutn\u00fa na vybavenie va\u0161ej po\u017eiadavky alebo do momentu ukon\u010denia predaja predmetn\u00fdch pozemkov, maxim\u00e1lne v\u0161ak po dobu 2 rokov (pre pr\u00edpad nadv\u00e4zuj\u00facej komunik\u00e1cie), pokia\u013e ned\u00f4jde k uzatvoreniu k\u00fapnej zmluvy.<\/h6>\t\t\t\t<\/div>\n\t\t\t\t\t<\/div>\n\t\t\t\t<\/div>\n\t\t\t\t\t<\/div>\n\t\t<\/div>\n\t\t\t\t\t<\/div>\n\t\t<\/section>\n\t\t\t\t<section class=\"elementor-section elementor-top-section elementor-element elementor-element-3e6d398 elementor-section-content-middle elementor-section-boxed elementor-section-height-default elementor-section-height-default\" data-id=\"3e6d398\" data-element_type=\"section\" data-settings=\"{&quot;background_background&quot;:&quot;gradient&quot;}\">\n\t\t\t\t\t\t<div class=\"elementor-container elementor-column-gap-custom\">\n\t\t\t\t\t<div class=\"elementor-column elementor-col-100 elementor-top-column elementor-element elementor-element-eea2b0c elementor-invisible\" data-id=\"eea2b0c\" data-element_type=\"column\" data-settings=\"{&quot;animation&quot;:&quot;fadeInDown&quot;}\">\n\t\t\t<div class=\"elementor-widget-wrap elementor-element-populated\">\n\t\t\t\t<div class=\"elementor-element elementor-element-4ad8d4c e-flex e-con-boxed elementor-invisible e-con e-parent\" data-id=\"4ad8d4c\" data-element_type=\"container\" data-settings=\"{&quot;background_background&quot;:&quot;gradient&quot;,&quot;animation&quot;:&quot;fadeInLeft&quot;}\">\n\t\t\t\t\t<div class=\"e-con-inner\">\n\t\t\t\t<div class=\"elementor-element elementor-element-0555b14 elementor-widget elementor-widget-heading\" data-id=\"0555b14\" data-element_type=\"widget\" data-widget_type=\"heading.default\">\n\t\t\t\t\t<h2 class=\"elementor-heading-title elementor-size-default\">4. Pr\u00edjemcovia \u00fadajov<\/h2>\t\t\t\t<\/div>\n\t\t\t\t<div class=\"elementor-element elementor-element-e352efb elementor-widget elementor-widget-heading\" data-id=\"e352efb\" data-element_type=\"widget\" data-widget_type=\"heading.default\">\n\t\t\t\t\t<h6 class=\"elementor-heading-title elementor-size-default\">Va\u0161e \u00fadaje uchov\u00e1vame len po dobu nevyhnutn\u00fa na vybavenie va\u0161ej po\u017eiadavky alebo do momentu ukon\u010denia predaja predmetn\u00fdch pozemkov, maxim\u00e1lne v\u0161ak po dobu 2 rokov (pre pr\u00edpad nadv\u00e4zuj\u00facej komunik\u00e1cie), pokia\u013e ned\u00f4jde k uzatvoreniu k\u00fapnej zmluvy.<\/h6>\t\t\t\t<\/div>\n\t\t\t\t\t<\/div>\n\t\t\t\t<\/div>\n\t\t\t\t\t<\/div>\n\t\t<\/div>\n\t\t\t\t\t<\/div>\n\t\t<\/section>\n\t\t\t\t<section class=\"elementor-section elementor-top-section elementor-element elementor-element-cdc1b0f elementor-section-content-middle elementor-section-boxed elementor-section-height-default elementor-section-height-default\" data-id=\"cdc1b0f\" data-element_type=\"section\" data-settings=\"{&quot;background_background&quot;:&quot;gradient&quot;}\">\n\t\t\t\t\t\t<div class=\"elementor-container elementor-column-gap-custom\">\n\t\t\t\t\t<div class=\"elementor-column elementor-col-100 elementor-top-column elementor-element elementor-element-eba5dc1 elementor-invisible\" data-id=\"eba5dc1\" data-element_type=\"column\" data-settings=\"{&quot;animation&quot;:&quot;fadeInDown&quot;}\">\n\t\t\t<div class=\"elementor-widget-wrap elementor-element-populated\">\n\t\t\t\t<div class=\"elementor-element elementor-element-de7b4b7 e-flex e-con-boxed elementor-invisible e-con e-parent\" data-id=\"de7b4b7\" data-element_type=\"container\" data-settings=\"{&quot;background_background&quot;:&quot;gradient&quot;,&quot;animation&quot;:&quot;fadeInLeft&quot;}\">\n\t\t\t\t\t<div class=\"e-con-inner\">\n\t\t\t\t<div class=\"elementor-element elementor-element-63c534d elementor-widget elementor-widget-heading\" data-id=\"63c534d\" data-element_type=\"widget\" data-widget_type=\"heading.default\">\n\t\t\t\t\t<h2 class=\"elementor-heading-title elementor-size-default\">5. S\u00fabory Cookies<\/h2>\t\t\t\t<\/div>\n\t\t\t\t<div class=\"elementor-element elementor-element-ff73731 elementor-widget elementor-widget-heading\" data-id=\"ff73731\" data-element_type=\"widget\" data-widget_type=\"heading.default\">\n\t\t\t\t\t<h6 class=\"elementor-heading-title elementor-size-default\"><p data-path-to-node=\"19\">Tento web nepou\u017e\u00edva \u017eiadne analytick\u00e9 (Google Analytics) ani marketingov\u00e9 (Facebook Pixel) cookies. Pou\u017e\u00edva v\u00fdhradne:<\/p><p data-path-to-node=\"19\"><b data-path-to-node=\"20,0,0\" data-index-in-node=\"0\" style=\"background-color: transparent\">- Technick\u00e9 session cookies (napr. <code data-path-to-node=\"20,0,0\" data-index-in-node=\"33\">ep-sess<\/code>):<\/b><span style=\"background-color: transparent\"> S\u00fa nevyhnutn\u00e9 pre technick\u00e9 fungovanie webu a kontaktn\u00e9ho formul\u00e1ra. Tieto s\u00fabory nezhroma\u017e\u010fuj\u00fa osobn\u00e9 \u00fadaje a po zatvoren\u00ed v\u00e1\u0161ho prehliada\u010da sa automaticky vyma\u017e\u00fa.<\/span><span style=\"background-color: transparent\"><\/span><\/p><\/h6>\t\t\t\t<\/div>\n\t\t\t\t\t<\/div>\n\t\t\t\t<\/div>\n\t\t\t\t\t<\/div>\n\t\t<\/div>\n\t\t\t\t\t<\/div>\n\t\t<\/section>\n\t\t\t\t<section class=\"elementor-section elementor-top-section elementor-element elementor-element-fc343e7 elementor-section-content-middle elementor-section-boxed elementor-section-height-default elementor-section-height-default\" data-id=\"fc343e7\" data-element_type=\"section\" data-settings=\"{&quot;background_background&quot;:&quot;gradient&quot;}\">\n\t\t\t\t\t\t<div class=\"elementor-container elementor-column-gap-custom\">\n\t\t\t\t\t<div class=\"elementor-column elementor-col-100 elementor-top-column elementor-element elementor-element-1e48fcd elementor-invisible\" data-id=\"1e48fcd\" data-element_type=\"column\" data-settings=\"{&quot;animation&quot;:&quot;fadeInDown&quot;}\">\n\t\t\t<div class=\"elementor-widget-wrap elementor-element-populated\">\n\t\t\t\t<div class=\"elementor-element elementor-element-6f53f96 e-flex e-con-boxed elementor-invisible e-con e-parent\" data-id=\"6f53f96\" data-element_type=\"container\" data-settings=\"{&quot;background_background&quot;:&quot;gradient&quot;,&quot;animation&quot;:&quot;fadeInLeft&quot;}\">\n\t\t\t\t\t<div class=\"e-con-inner\">\n\t\t\t\t<div class=\"elementor-element elementor-element-4d19f40 elementor-widget elementor-widget-heading\" data-id=\"4d19f40\" data-element_type=\"widget\" data-widget_type=\"heading.default\">\n\t\t\t\t\t<h2 class=\"elementor-heading-title elementor-size-default\">6. Va\u0161e pr\u00e1va<\/h2>\t\t\t\t<\/div>\n\t\t\t\t<div class=\"elementor-element elementor-element-96aeb2d elementor-widget elementor-widget-heading\" data-id=\"96aeb2d\" data-element_type=\"widget\" data-widget_type=\"heading.default\">\n\t\t\t\t\t<h6 class=\"elementor-heading-title elementor-size-default\"><p data-path-to-node=\"19\">M\u00e1te pr\u00e1vo po\u017eadova\u0165 pr\u00edstup k svojim \u00fadajom, ich opravu, vymazanie alebo obmedzenie sprac\u00favania. Takisto m\u00e1te pr\u00e1vo poda\u0165 s\u0165a\u017enos\u0165 na \u00darad na ochranu osobn\u00fdch \u00fadajov SR. Ak\u00e9ko\u013evek \u017eiadosti smerujte na e-mail: <i><u>ibvbrezinka@gmail.com<\/u><\/i><span style=\"background-color: transparent\"><\/span><\/p><\/h6>\t\t\t\t<\/div>\n\t\t\t\t\t<\/div>\n\t\t\t\t<\/div>\n\t\t\t\t\t<\/div>\n\t\t<\/div>\n\t\t\t\t\t<\/div>\n\t\t<\/section>\n\t\t\t\t<\/div>","protected":false},"excerpt":{"rendered":"<p>Inform\u00e1cie o sprac\u00favan\u00ed osobn\u00fdch \u00fadajov Tento dokument vysvet\u013euje, ako naklad\u00e1me s va\u0161imi osobn\u00fdmi \u00fadajmi v s\u00favislosti s predajom pozemkov v lokalite Pribylina 1. Rozsah sprac\u00favan\u00fdch \u00fadajov Sprac\u00favame iba \u00fadaje, ktor\u00e9 n\u00e1m dobrovo\u013ene poskytnete prostredn\u00edctvom kontaktn\u00e9ho formul\u00e1ra za \u00fa\u010delom dopytu po pozemkoch:&#8211;&nbsp;Meno a priezvisko&#8211;&nbsp;E-mailov\u00e1 adresa&#8211;&nbsp;Telef\u00f3nne \u010d\u00edslo (ak ho uvediete)&#8211;&nbsp;Obsah spr\u00e1vy 2. \u00da\u010del a pr\u00e1vny z\u00e1klad sprac\u00favania [&hellip;]<\/p>","protected":false},"author":1,"featured_media":0,"parent":0,"menu_order":0,"comment_status":"closed","ping_status":"closed","template":"elementor_header_footer","meta":{"_eb_attr":"","om_disable_all_campaigns":false,"_monsterinsights_skip_tracking":false,"_monsterinsights_sitenote_active":false,"_monsterinsights_sitenote_note":"","_monsterinsights_sitenote_category":0,"footnotes":""},"class_list":["post-679","page","type-page","status-publish","hentry"],"aioseo_notices":[],"_links":{"self":[{"href":"https:\/\/www.ibvbrezinka.sk\/en\/wp-json\/wp\/v2\/pages\/679","targetHints":{"allow":["GET"]}}],"collection":[{"href":"https:\/\/www.ibvbrezinka.sk\/en\/wp-json\/wp\/v2\/pages"}],"about":[{"href":"https:\/\/www.ibvbrezinka.sk\/en\/wp-json\/wp\/v2\/types\/page"}],"author":[{"embeddable":true,"href":"https:\/\/www.ibvbrezinka.sk\/en\/wp-json\/wp\/v2\/users\/1"}],"replies":[{"embeddable":true,"href":"https:\/\/www.ibvbrezinka.sk\/en\/wp-json\/wp\/v2\/comments?post=679"}],"version-history":[{"count":10,"href":"https:\/\/www.ibvbrezinka.sk\/en\/wp-json\/wp\/v2\/pages\/679\/revisions"}],"predecessor-version":[{"id":1056,"href":"https:\/\/www.ibvbrezinka.sk\/en\/wp-json\/wp\/v2\/pages\/679\/revisions\/1056"}],"wp:attachment":[{"href":"https:\/\/www.ibvbrezinka.sk\/en\/wp-json\/wp\/v2\/media?parent=679"}],"curies":[{"name":"wp","href":"https:\/\/api.w.org\/{rel}","templated":true}]}}