{"id":294,"date":"2026-01-31T18:50:57","date_gmt":"2026-01-31T17:50:57","guid":{"rendered":"https:\/\/www.ibvbrezinka.sk\/?page_id=294"},"modified":"2026-02-10T22:19:47","modified_gmt":"2026-02-10T21:19:47","slug":"mam-zaujem","status":"publish","type":"page","link":"https:\/\/www.ibvbrezinka.sk\/en\/mam-zaujem\/","title":{"rendered":"I AM INTERESTED"},"content":{"rendered":"<div data-elementor-type=\"wp-page\" data-elementor-id=\"294\" class=\"elementor elementor-294\">\n\t\t\t\t\t\t<section class=\"elementor-section elementor-top-section elementor-element elementor-element-695c217 elementor-section-content-middle elementor-section-boxed elementor-section-height-default elementor-section-height-default\" data-id=\"695c217\" data-element_type=\"section\" data-settings=\"{&quot;background_background&quot;:&quot;gradient&quot;}\">\n\t\t\t\t\t\t<div class=\"elementor-container elementor-column-gap-no\">\n\t\t\t\t\t<div class=\"elementor-column elementor-col-100 elementor-top-column elementor-element elementor-element-ddc9492\" data-id=\"ddc9492\" data-element_type=\"column\">\n\t\t\t<div class=\"elementor-widget-wrap elementor-element-populated\">\n\t\t\t\t<div class=\"elementor-element elementor-element-8f41777 e-flex e-con-boxed e-con e-parent\" data-id=\"8f41777\" data-element_type=\"container\">\n\t\t\t\t\t<div class=\"e-con-inner\">\n\t\t\t\t<div class=\"elementor-element elementor-element-5679116 elementor-widget elementor-widget-heading\" data-id=\"5679116\" data-element_type=\"widget\" data-widget_type=\"heading.default\">\n\t\t\t\t\t<h2 class=\"elementor-heading-title elementor-size-default translation-block\">I am interested in purchasing land \/ building a house.<\/h2>\t\t\t\t<\/div>\n\t\t\t\t\t<\/div>\n\t\t\t\t<\/div>\n\t\t\t\t<div class=\"elementor-element elementor-element-b9b0bb9 elementor-widget elementor-widget-wpforms\" data-id=\"b9b0bb9\" data-element_type=\"widget\" data-widget_type=\"wpforms.default\">\n\t\t\t\t<div class=\"elementor-widget-container\">\n\t\t\t\t\t<div class=\"wpforms-container wpforms-render-modern\" id=\"wpforms-490\"><form id=\"wpforms-form-490\" class=\"wpforms-validate wpforms-form wpforms-ajax-form\" data-formid=\"490\" method=\"post\" enctype=\"multipart\/form-data\" action=\"\/en\/wp-json\/wp\/v2\/pages\/294\" data-token=\"03faa19f98a2a668219e932654e5ec61\" data-token-time=\"1777830790\" data-trp-original-action=\"\/en\/wp-json\/wp\/v2\/pages\/294\"><noscript class=\"wpforms-error-noscript\">Please enable JavaScript in your browser to complete this form.<\/noscript><div id=\"wpforms-error-noscript\" style=\"display: none;\">Please enable JavaScript in your browser to complete this form.<\/div><div class=\"wpforms-field-container\"><div id=\"wpforms-490-field_1-container\" class=\"wpforms-field wpforms-field-name\" data-field-id=\"1\"><label class=\"wpforms-field-label\" for=\"wpforms-490-field_1\">Name <span class=\"wpforms-required-label\" aria-hidden=\"true\">*<\/span><\/label><input type=\"text\" id=\"wpforms-490-field_1\" class=\"wpforms-field-large wpforms-field-required\" name=\"wpforms[fields][1]\" aria-errormessage=\"wpforms-490-field_1-error\" required><\/div><div id=\"wpforms-490-field_6-container\" class=\"wpforms-field wpforms-field-name\" data-field-id=\"6\"><label class=\"wpforms-field-label\" for=\"wpforms-490-field_6\">Last name <span class=\"wpforms-required-label\" aria-hidden=\"true\">*<\/span><\/label><input type=\"text\" id=\"wpforms-490-field_6\" class=\"wpforms-field-large wpforms-field-required\" name=\"wpforms[fields][6]\" aria-errormessage=\"wpforms-490-field_6-error\" required><\/div><div id=\"wpforms-490-field_5-container\" class=\"wpforms-field wpforms-field-name\" data-field-id=\"5\"><label class=\"wpforms-field-label\" for=\"wpforms-490-field_5\">Phone number <span class=\"wpforms-required-label\" aria-hidden=\"true\">*<\/span><\/label><input type=\"text\" id=\"wpforms-490-field_5\" class=\"wpforms-field-large wpforms-field-required\" name=\"wpforms[fields][5]\" aria-errormessage=\"wpforms-490-field_5-error\" required><\/div><div id=\"wpforms-490-field_2-container\" class=\"wpforms-field wpforms-field-email\" data-field-id=\"2\"><label class=\"wpforms-field-label\" for=\"wpforms-490-field_2\">@ E-mail <span class=\"wpforms-required-label\" aria-hidden=\"true\">*<\/span><\/label><input type=\"email\" id=\"wpforms-490-field_2\" class=\"wpforms-field-large wpforms-field-required\" name=\"wpforms[fields][2]\" spellcheck=\"false\" aria-errormessage=\"wpforms-490-field_2-error\" required><\/div><div id=\"wpforms-490-field_7-container\" class=\"wpforms-field wpforms-field-radio\" data-field-id=\"7\"><fieldset><legend class=\"wpforms-field-label\">I am interested in <span class=\"wpforms-required-label\" aria-hidden=\"true\">*<\/span><\/legend><ul id=\"wpforms-490-field_7\" class=\"wpforms-field-required\"><li class=\"choice-1 depth-1\"><input type=\"radio\" id=\"wpforms-490-field_7_1\" name=\"wpforms[fields][7]\" value=\"Pozemok\" aria-errormessage=\"wpforms-490-field_7_1-error\" required><label class=\"wpforms-field-label-inline\" for=\"wpforms-490-field_7_1\">Parcel<\/label><\/li><li class=\"choice-2 depth-1\"><input type=\"radio\" id=\"wpforms-490-field_7_2\" name=\"wpforms[fields][7]\" value=\"Pozemok+dom - Tehla\" aria-errormessage=\"wpforms-490-field_7_2-error\" required><label class=\"wpforms-field-label-inline\" for=\"wpforms-490-field_7_2\">Land + house - Brick<\/label><\/li><li class=\"choice-7 depth-1\"><input type=\"radio\" id=\"wpforms-490-field_7_7\" name=\"wpforms[fields][7]\" value=\"Pozemok+dom - Keramika\" aria-errormessage=\"wpforms-490-field_7_7-error\" required><label class=\"wpforms-field-label-inline\" for=\"wpforms-490-field_7_7\">Land + house - Ceramics<\/label><\/li><li class=\"choice-6 depth-1\"><input type=\"radio\" id=\"wpforms-490-field_7_6\" name=\"wpforms[fields][7]\" value=\"Pozemok+drevodom\" aria-errormessage=\"wpforms-490-field_7_6-error\" required><label class=\"wpforms-field-label-inline\" for=\"wpforms-490-field_7_6\">Land + wooded area<\/label><\/li><li class=\"choice-8 depth-1\"><input type=\"radio\" id=\"wpforms-490-field_7_8\" name=\"wpforms[fields][7]\" value=\"Viac inform\u00e1ci\u00ed\" aria-errormessage=\"wpforms-490-field_7_8-error\" required><label class=\"wpforms-field-label-inline\" for=\"wpforms-490-field_7_8\">More information<\/label><\/li><\/ul><\/fieldset><\/div><div id=\"wpforms-490-field_8-container\" class=\"wpforms-field wpforms-field-checkbox\" data-field-id=\"8\"><fieldset><legend class=\"wpforms-field-label\">I am interested in the land\/plots.<\/legend><ul id=\"wpforms-490-field_8\"><li class=\"choice-1 depth-1\"><input type=\"checkbox\" id=\"wpforms-490-field_8_1\" name=\"wpforms[fields][8][]\" value=\"1. Pozemok 631m2\" aria-errormessage=\"wpforms-490-field_8_1-error\"  ><label class=\"wpforms-field-label-inline\" for=\"wpforms-490-field_8_1\">1. Land 631m2<\/label><\/li><li class=\"choice-2 depth-1\"><input type=\"checkbox\" id=\"wpforms-490-field_8_2\" name=\"wpforms[fields][8][]\" value=\"2. Pozemok 668m2\" aria-errormessage=\"wpforms-490-field_8_2-error\"  ><label class=\"wpforms-field-label-inline\" for=\"wpforms-490-field_8_2\">2. Land 668m2<\/label><\/li><li class=\"choice-3 depth-1\"><input type=\"checkbox\" id=\"wpforms-490-field_8_3\" name=\"wpforms[fields][8][]\" value=\"3. Pozemok 824m2\" aria-errormessage=\"wpforms-490-field_8_3-error\"  ><label class=\"wpforms-field-label-inline\" for=\"wpforms-490-field_8_3\">3. Land 824m2<\/label><\/li><li class=\"choice-4 depth-1\"><input type=\"checkbox\" id=\"wpforms-490-field_8_4\" name=\"wpforms[fields][8][]\" value=\"4. Pozemok 905m2\" aria-errormessage=\"wpforms-490-field_8_4-error\"  ><label class=\"wpforms-field-label-inline\" for=\"wpforms-490-field_8_4\">4. Land 905m2<\/label><\/li><\/ul><\/fieldset><\/div><div id=\"wpforms-490-field_9-container\" class=\"wpforms-field wpforms-field-checkbox\" data-field-id=\"9\"><fieldset><legend class=\"wpforms-field-label\">What stage are you in?<\/legend><ul id=\"wpforms-490-field_9\"><li class=\"choice-1 depth-1\"><input type=\"checkbox\" id=\"wpforms-490-field_9_1\" name=\"wpforms[fields][9][]\" value=\"Len zis\u0165ujem inform\u00e1cie\" aria-errormessage=\"wpforms-490-field_9_1-error\"  ><label class=\"wpforms-field-label-inline\" for=\"wpforms-490-field_9_1\">I'm just looking for information.<\/label><\/li><li class=\"choice-2 depth-1\"><input type=\"checkbox\" id=\"wpforms-490-field_9_2\" name=\"wpforms[fields][9][]\" value=\"Zva\u017eujem k\u00fapu v najbli\u017e\u0161\u00edch mesiacoch\" aria-errormessage=\"wpforms-490-field_9_2-error\"  ><label class=\"wpforms-field-label-inline\" for=\"wpforms-490-field_9_2\">I am considering purchasing in the next few months.<\/label><\/li><li class=\"choice-3 depth-1\"><input type=\"checkbox\" id=\"wpforms-490-field_9_3\" name=\"wpforms[fields][9][]\" value=\"M\u00e1m v\u00e1\u017eny z\u00e1ujem \/ rie\u0161im financovanie\" aria-errormessage=\"wpforms-490-field_9_3-error\"  ><label class=\"wpforms-field-label-inline\" for=\"wpforms-490-field_9_3\">I am seriously interested \/ looking into financing<\/label><\/li><li class=\"choice-4 depth-1\"><input type=\"checkbox\" id=\"wpforms-490-field_9_4\" name=\"wpforms[fields][9][]\" value=\"Chcem osobn\u00e9 stretnutie \/ obhliadku\" aria-errormessage=\"wpforms-490-field_9_4-error\"  ><label class=\"wpforms-field-label-inline\" for=\"wpforms-490-field_9_4\">I want a personal meeting \/ viewing<\/label><\/li><\/ul><\/fieldset><\/div>\t\t<div id=\"wpforms-490-field_3-container\"\n\t\t\tclass=\"wpforms-field wpforms-field-text\"\n\t\t\tdata-field-type=\"text\"\n\t\t\tdata-field-id=\"3\"\n\t\t\t>\n\t\t\t<label class=\"wpforms-field-label\" for=\"wpforms-490-field_3\" >ma V Meno<\/label>\n\t\t\t<input type=\"text\" id=\"wpforms-490-field_3\" class=\"wpforms-field-medium\" name=\"wpforms[fields][3]\" >\n\t\t<\/div>\n\t\t<div id=\"wpforms-490-field_10-container\" class=\"wpforms-field wpforms-field-checkbox\" data-field-id=\"10\"><fieldset><legend class=\"wpforms-field-label\">Financing<\/legend><ul id=\"wpforms-490-field_10\"><li class=\"choice-1 depth-1\"><input type=\"checkbox\" id=\"wpforms-490-field_10_1\" name=\"wpforms[fields][10][]\" value=\"Hypot\u00e9ka\" aria-errormessage=\"wpforms-490-field_10_1-error\"  ><label class=\"wpforms-field-label-inline\" for=\"wpforms-490-field_10_1\">Mortgage<\/label><\/li><li class=\"choice-2 depth-1\"><input type=\"checkbox\" id=\"wpforms-490-field_10_2\" name=\"wpforms[fields][10][]\" value=\"Vlastn\u00e9 zdroje\" aria-errormessage=\"wpforms-490-field_10_2-error\"  ><label class=\"wpforms-field-label-inline\" for=\"wpforms-490-field_10_2\">My own capital<\/label><\/li><li class=\"choice-3 depth-1\"><input type=\"checkbox\" id=\"wpforms-490-field_10_3\" name=\"wpforms[fields][10][]\" value=\"Kombin\u00e1cia\" aria-errormessage=\"wpforms-490-field_10_3-error\"  ><label class=\"wpforms-field-label-inline\" for=\"wpforms-490-field_10_3\">Combination of Mortgage and my own capital<\/label><\/li><li class=\"choice-4 depth-1\"><input type=\"checkbox\" id=\"wpforms-490-field_10_4\" name=\"wpforms[fields][10][]\" value=\"Zatia\u013e nerie\u0161im\" aria-errormessage=\"wpforms-490-field_10_4-error\"  ><label class=\"wpforms-field-label-inline\" for=\"wpforms-490-field_10_4\">I'm not solving it yet.<\/label><\/li><\/ul><\/fieldset><\/div><div id=\"wpforms-490-field_4-container\" class=\"wpforms-field wpforms-field-textarea\" data-field-id=\"4\"><label class=\"wpforms-field-label\" for=\"wpforms-490-field_4\">Your message<\/label><textarea id=\"wpforms-490-field_4\" class=\"wpforms-field-large\" name=\"wpforms[fields][4]\" aria-errormessage=\"wpforms-490-field_4-error\" ><\/textarea><\/div><script>\n\t\t\t\t( function() {\n\t\t\t\t\tconst style = document.createElement( 'style' );\n\t\t\t\t\tstyle.appendChild( document.createTextNode( '#wpforms-490-field_3-container { position: absolute !important; overflow: hidden !important; display: inline !important; height: 1px !important; width: 1px !important; z-index: -1000 !important; padding: 0 !important; } #wpforms-490-field_3-container input { visibility: hidden; } #wpforms-conversational-form-page #wpforms-490-field_3-container label { counter-increment: none; }' ) );\n\t\t\t\t\tdocument.head.appendChild( style );\n\t\t\t\t\tdocument.currentScript?.remove();\n\t\t\t\t} )();\n\t\t\t<\/script><\/div><!-- .wpforms-field-container --><div class=\"wpforms-submit-container\" ><input type=\"hidden\" name=\"wpforms[id]\" value=\"490\"><input type=\"hidden\" name=\"page_title\" value=\"\"><input type=\"hidden\" name=\"page_url\" value=\"https:\/\/www.ibvbrezinka.sk\/en\/wp-json\/wp\/v2\/pages\/294\"><input type=\"hidden\" name=\"url_referer\" value=\"\"><button type=\"submit\" name=\"wpforms[submit]\" id=\"wpforms-submit-490\" class=\"wpforms-submit\" data-alt-text=\"Odosiela sa...\" data-submit-text=\"Odosla\u0165\" aria-live=\"assertive\" value=\"wpforms-submit\">Send<\/button><img decoding=\"async\" src=\"https:\/\/www.ibvbrezinka.sk\/wp-content\/plugins\/wpforms-lite\/assets\/images\/submit-spin.svg\" class=\"wpforms-submit-spinner\" style=\"display: none;\" width=\"26\" height=\"26\" alt=\"Loading\"><\/div><input type=\"hidden\" name=\"trp-form-language\" value=\"en\"\/><\/form><\/div>  <!-- .wpforms-container -->\t\t\t\t<\/div>\n\t\t\t\t<\/div>\n\t\t\t\t<div class=\"elementor-element elementor-element-3f9b520 elementor-widget elementor-widget-heading\" data-id=\"3f9b520\" data-element_type=\"widget\" data-widget_type=\"heading.default\">\n\t\t\t\t\t<h6 class=\"elementor-heading-title elementor-size-default\"><a href=\"https:\/\/www.ibvbrezinka.sk\/en\/ochrana-sukromia\/\" target=\"_blank\">*By submitting the form, I acknowledge the processing of personal data for the purpose of processing my inquiry.<\/a><\/h6>\t\t\t\t<\/div>\n\t\t\t\t<div class=\"elementor-element elementor-element-f313b21 elementor-widget elementor-widget-image\" data-id=\"f313b21\" data-element_type=\"widget\" data-widget_type=\"image.default\">\n\t\t\t\t\t\t\t\t\t\t\t\t\t\t\t\t<a href=\"https:\/\/www.ibvbrezinka.sk\/wp-content\/uploads\/2026\/02\/Mapa1.jpg\" data-elementor-open-lightbox=\"yes\" data-e-action-hash=\"#elementor-action%3Aaction%3Dlightbox%26settings%3DeyJpZCI6NDQ5LCJ1cmwiOiJodHRwczpcL1wvd3d3LmlidmJyZXppbmthLnNrXC93cC1jb250ZW50XC91cGxvYWRzXC8yMDI2XC8wMlwvTWFwYTEuanBnIn0%3D\">\n\t\t\t\t\t\t\t<img fetchpriority=\"high\" decoding=\"async\" width=\"750\" height=\"750\" src=\"https:\/\/www.ibvbrezinka.sk\/wp-content\/uploads\/2026\/02\/Mapa1.jpg\" class=\"attachment-large size-large wp-image-449\" alt=\"\" srcset=\"https:\/\/www.ibvbrezinka.sk\/wp-content\/uploads\/2026\/02\/Mapa1.jpg 750w, https:\/\/www.ibvbrezinka.sk\/wp-content\/uploads\/2026\/02\/Mapa1-300x300.jpg 300w, https:\/\/www.ibvbrezinka.sk\/wp-content\/uploads\/2026\/02\/Mapa1-150x150.jpg 150w, https:\/\/www.ibvbrezinka.sk\/wp-content\/uploads\/2026\/02\/Mapa1-12x12.jpg 12w\" sizes=\"(max-width: 750px) 100vw, 750px\" \/>\t\t\t\t\t\t\t\t<\/a>\n\t\t\t\t\t\t\t\t\t\t\t\t\t\t\t<\/div>\n\t\t\t\t<div class=\"elementor-element elementor-element-5439ac5 e-transform elementor-widget elementor-widget-eael-creative-button\" data-id=\"5439ac5\" data-element_type=\"widget\" data-settings=\"{&quot;_transform_scale_effect_hover&quot;:{&quot;unit&quot;:&quot;px&quot;,&quot;size&quot;:1.100000000000000088817841970012523233890533447265625,&quot;sizes&quot;:[]},&quot;_transform_scale_effect_hover_tablet&quot;:{&quot;unit&quot;:&quot;px&quot;,&quot;size&quot;:&quot;&quot;,&quot;sizes&quot;:[]},&quot;_transform_scale_effect_hover_mobile&quot;:{&quot;unit&quot;:&quot;px&quot;,&quot;size&quot;:&quot;&quot;,&quot;sizes&quot;:[]}}\" data-widget_type=\"eael-creative-button.default\">\n\t\t\t\t\t        <div class=\"eael-creative-button-wrapper\">\n\n            <a class=\"eael-creative-button eael-creative-button--wayra\" href=\"https:\/\/www.ibvbrezinka.sk\/en\/ponuka-pozemkov\/\" data-text=\"IBV BREZINKA\">\n            \t    \n                <div class=\"creative-button-inner\">\n\n                    \n                    <span class=\"cretive-button-text\">BACK TO THE LAND PAGE<\/span>\n\n                                    <\/div>\n\t                        <\/a>\n        <\/div>\n        \t\t\t\t<\/div>\n\t\t\t\t\t<\/div>\n\t\t<\/div>\n\t\t\t\t\t<\/div>\n\t\t<\/section>\n\t\t\t\t<\/div>","protected":false},"excerpt":{"rendered":"<p>M\u00e1m z\u00e1ujemo k\u00fapu pozemku \/ stavby domu Please enable JavaScript in your browser to complete this form.Please enable JavaScript in your browser to complete this form.Meno *Priezvisko *Telef\u00f3nne \u010d\u00edslo *@ E-mail * M\u00e1m z\u00e1ujem o * Pozemok Pozemok+dom &#8211; Tehla Pozemok+dom &#8211; Keramika Pozemok+drevodom Viac inform\u00e1ci\u00ed Zauj\u00edma ma pozemok\/pozemky 1. Pozemok 631m2 2. Pozemok 668m2 [&hellip;]<\/p>","protected":false},"author":1,"featured_media":0,"parent":0,"menu_order":0,"comment_status":"closed","ping_status":"closed","template":"elementor_header_footer","meta":{"_eb_attr":"","om_disable_all_campaigns":false,"_monsterinsights_skip_tracking":false,"_monsterinsights_sitenote_active":false,"_monsterinsights_sitenote_note":"","_monsterinsights_sitenote_category":0,"footnotes":""},"class_list":["post-294","page","type-page","status-publish","hentry"],"aioseo_notices":[],"_links":{"self":[{"href":"https:\/\/www.ibvbrezinka.sk\/en\/wp-json\/wp\/v2\/pages\/294","targetHints":{"allow":["GET"]}}],"collection":[{"href":"https:\/\/www.ibvbrezinka.sk\/en\/wp-json\/wp\/v2\/pages"}],"about":[{"href":"https:\/\/www.ibvbrezinka.sk\/en\/wp-json\/wp\/v2\/types\/page"}],"author":[{"embeddable":true,"href":"https:\/\/www.ibvbrezinka.sk\/en\/wp-json\/wp\/v2\/users\/1"}],"replies":[{"embeddable":true,"href":"https:\/\/www.ibvbrezinka.sk\/en\/wp-json\/wp\/v2\/comments?post=294"}],"version-history":[{"count":10,"href":"https:\/\/www.ibvbrezinka.sk\/en\/wp-json\/wp\/v2\/pages\/294\/revisions"}],"predecessor-version":[{"id":707,"href":"https:\/\/www.ibvbrezinka.sk\/en\/wp-json\/wp\/v2\/pages\/294\/revisions\/707"}],"wp:attachment":[{"href":"https:\/\/www.ibvbrezinka.sk\/en\/wp-json\/wp\/v2\/media?parent=294"}],"curies":[{"name":"wp","href":"https:\/\/api.w.org\/{rel}","templated":true}]}}