{"id":290,"date":"2026-01-31T18:49:19","date_gmt":"2026-01-31T17:49:19","guid":{"rendered":"https:\/\/www.ibvbrezinka.sk\/?page_id=290"},"modified":"2026-03-14T17:51:07","modified_gmt":"2026-03-14T16:51:07","slug":"kontakt","status":"publish","type":"page","link":"https:\/\/www.ibvbrezinka.sk\/en\/kontakt\/","title":{"rendered":"CONTACT"},"content":{"rendered":"<div data-elementor-type=\"wp-page\" data-elementor-id=\"290\" class=\"elementor elementor-290\">\n\t\t\t\t\t\t<section class=\"elementor-section elementor-top-section elementor-element elementor-element-695c217 elementor-section-content-middle elementor-section-boxed elementor-section-height-default elementor-section-height-default\" data-id=\"695c217\" data-element_type=\"section\" data-settings=\"{&quot;background_background&quot;:&quot;gradient&quot;}\">\n\t\t\t\t\t\t<div class=\"elementor-container elementor-column-gap-custom\">\n\t\t\t\t\t<div class=\"elementor-column elementor-col-100 elementor-top-column elementor-element elementor-element-7c544d4 elementor-invisible\" data-id=\"7c544d4\" data-element_type=\"column\" data-settings=\"{&quot;animation&quot;:&quot;fadeInDown&quot;}\">\n\t\t\t<div class=\"elementor-widget-wrap elementor-element-populated\">\n\t\t\t\t<div class=\"elementor-element elementor-element-f010fb5 e-flex e-con-boxed e-con e-parent\" data-id=\"f010fb5\" data-element_type=\"container\" data-settings=\"{&quot;background_background&quot;:&quot;gradient&quot;}\">\n\t\t\t\t\t<div class=\"e-con-inner\">\n\t\t<div class=\"elementor-element elementor-element-cb27add e-con-full e-flex e-con e-child\" data-id=\"cb27add\" data-element_type=\"container\">\n\t\t\t\t<div class=\"elementor-element elementor-element-ae499a5 elementor-widget elementor-widget-heading\" data-id=\"ae499a5\" data-element_type=\"widget\" data-widget_type=\"heading.default\">\n\t\t\t\t\t<h2 class=\"elementor-heading-title elementor-size-default\">CONTACT<\/h2>\t\t\t\t<\/div>\n\t\t\t\t<div class=\"elementor-element elementor-element-b670dc7 elementor-widget elementor-widget-heading\" data-id=\"b670dc7\" data-element_type=\"widget\" data-widget_type=\"heading.default\">\n\t\t\t\t\t<h6 class=\"elementor-heading-title elementor-size-default\">Do you have any questions? Write to us!<\/h6>\t\t\t\t<\/div>\n\t\t\t\t<\/div>\n\t\t\t\t\t<\/div>\n\t\t\t\t<\/div>\n\t\t\t\t\t<\/div>\n\t\t<\/div>\n\t\t\t\t\t<\/div>\n\t\t<\/section>\n\t\t\t\t<section class=\"elementor-section elementor-top-section elementor-element elementor-element-c9b9e91 elementor-section-content-middle elementor-section-boxed elementor-section-height-default elementor-section-height-default elementor-invisible\" data-id=\"c9b9e91\" data-element_type=\"section\" data-settings=\"{&quot;background_background&quot;:&quot;gradient&quot;,&quot;animation&quot;:&quot;fadeInLeft&quot;}\">\n\t\t\t\t\t\t<div class=\"elementor-container elementor-column-gap-no\">\n\t\t\t\t\t<div class=\"elementor-column elementor-col-100 elementor-top-column elementor-element elementor-element-4352112\" data-id=\"4352112\" data-element_type=\"column\">\n\t\t\t<div class=\"elementor-widget-wrap elementor-element-populated\">\n\t\t\t\t<div class=\"elementor-element elementor-element-a94606b e-flex e-con-boxed e-con e-parent\" data-id=\"a94606b\" data-element_type=\"container\" data-settings=\"{&quot;background_background&quot;:&quot;gradient&quot;}\">\n\t\t\t\t\t<div class=\"e-con-inner\">\n\t\t\t\t<div class=\"elementor-element elementor-element-4fc0297 e-transform elementor-invisible elementor-widget elementor-widget-wpforms\" data-id=\"4fc0297\" data-element_type=\"widget\" data-settings=\"{&quot;_animation&quot;:&quot;fadeInRight&quot;,&quot;_animation_mobile&quot;:&quot;fadeInRight&quot;,&quot;_transform_rotateZ_effect&quot;:{&quot;unit&quot;:&quot;px&quot;,&quot;size&quot;:&quot;&quot;,&quot;sizes&quot;:[]},&quot;_transform_rotateZ_effect_tablet&quot;:{&quot;unit&quot;:&quot;deg&quot;,&quot;size&quot;:&quot;&quot;,&quot;sizes&quot;:[]},&quot;_transform_rotateZ_effect_mobile&quot;:{&quot;unit&quot;:&quot;deg&quot;,&quot;size&quot;:&quot;&quot;,&quot;sizes&quot;:[]}}\" data-widget_type=\"wpforms.default\">\n\t\t\t\t<div class=\"elementor-widget-container\">\n\t\t\t\t\t<div class=\"wpforms-container wpforms-render-modern\" id=\"wpforms-28\"><form id=\"wpforms-form-28\" class=\"wpforms-validate wpforms-form wpforms-ajax-form\" data-formid=\"28\" method=\"post\" enctype=\"multipart\/form-data\" action=\"\/en\/wp-json\/wp\/v2\/pages\/290\" data-token=\"da73d7e5e3ce7eecffe01cd272fb8014\" data-token-time=\"1777826501\" data-trp-original-action=\"\/en\/wp-json\/wp\/v2\/pages\/290\"><noscript class=\"wpforms-error-noscript\">Please enable JavaScript in your browser to complete this form.<\/noscript><div id=\"wpforms-error-noscript\" style=\"display: none;\">Please enable JavaScript in your browser to complete this form.<\/div><div class=\"wpforms-field-container\">\t\t<div id=\"wpforms-28-field_3-container\"\n\t\t\tclass=\"wpforms-field wpforms-field-text\"\n\t\t\tdata-field-type=\"text\"\n\t\t\tdata-field-id=\"3\"\n\t\t\t>\n\t\t\t<label class=\"wpforms-field-label\" for=\"wpforms-28-field_3\" >Priezvisko @ Spr\u00e1va<\/label>\n\t\t\t<input type=\"text\" id=\"wpforms-28-field_3\" class=\"wpforms-field-medium\" name=\"wpforms[fields][3]\" >\n\t\t<\/div>\n\t\t<div id=\"wpforms-28-field_1-container\" class=\"wpforms-field wpforms-field-name\" data-field-id=\"1\"><label class=\"wpforms-field-label\" for=\"wpforms-28-field_1\">Name <span class=\"wpforms-required-label\" aria-hidden=\"true\">*<\/span><\/label><input type=\"text\" id=\"wpforms-28-field_1\" class=\"wpforms-field-large wpforms-field-required\" name=\"wpforms[fields][1]\" aria-errormessage=\"wpforms-28-field_1-error\" required><\/div><div id=\"wpforms-28-field_6-container\" class=\"wpforms-field wpforms-field-name\" data-field-id=\"6\"><label class=\"wpforms-field-label\" for=\"wpforms-28-field_6\">Last name <span class=\"wpforms-required-label\" aria-hidden=\"true\">*<\/span><\/label><input type=\"text\" id=\"wpforms-28-field_6\" class=\"wpforms-field-large wpforms-field-required\" name=\"wpforms[fields][6]\" aria-errormessage=\"wpforms-28-field_6-error\" required><\/div><div id=\"wpforms-28-field_5-container\" class=\"wpforms-field wpforms-field-name\" data-field-id=\"5\"><label class=\"wpforms-field-label\" for=\"wpforms-28-field_5\">Phone number <span class=\"wpforms-required-label\" aria-hidden=\"true\">*<\/span><\/label><input type=\"text\" id=\"wpforms-28-field_5\" class=\"wpforms-field-large wpforms-field-required\" name=\"wpforms[fields][5]\" aria-errormessage=\"wpforms-28-field_5-error\" required><\/div><div id=\"wpforms-28-field_2-container\" class=\"wpforms-field wpforms-field-email\" data-field-id=\"2\"><label class=\"wpforms-field-label\" for=\"wpforms-28-field_2\">@ E-mail <span class=\"wpforms-required-label\" aria-hidden=\"true\">*<\/span><\/label><input type=\"email\" id=\"wpforms-28-field_2\" class=\"wpforms-field-large wpforms-field-required\" name=\"wpforms[fields][2]\" spellcheck=\"false\" aria-errormessage=\"wpforms-28-field_2-error\" required><\/div><div id=\"wpforms-28-field_4-container\" class=\"wpforms-field wpforms-field-textarea\" data-field-id=\"4\"><label class=\"wpforms-field-label\" for=\"wpforms-28-field_4\">Your message <span class=\"wpforms-required-label\" aria-hidden=\"true\">*<\/span><\/label><textarea id=\"wpforms-28-field_4\" class=\"wpforms-field-large wpforms-field-required\" name=\"wpforms[fields][4]\" aria-errormessage=\"wpforms-28-field_4-error\" required><\/textarea><\/div><script>\n\t\t\t\t( function() {\n\t\t\t\t\tconst style = document.createElement( 'style' );\n\t\t\t\t\tstyle.appendChild( document.createTextNode( '#wpforms-28-field_3-container { position: absolute !important; overflow: hidden !important; display: inline !important; height: 1px !important; width: 1px !important; z-index: -1000 !important; padding: 0 !important; } #wpforms-28-field_3-container input { visibility: hidden; } #wpforms-conversational-form-page #wpforms-28-field_3-container label { counter-increment: none; }' ) );\n\t\t\t\t\tdocument.head.appendChild( style );\n\t\t\t\t\tdocument.currentScript?.remove();\n\t\t\t\t} )();\n\t\t\t<\/script><\/div><!-- .wpforms-field-container --><div class=\"wpforms-submit-container\" ><input type=\"hidden\" name=\"wpforms[id]\" value=\"28\"><input type=\"hidden\" name=\"page_title\" value=\"\"><input type=\"hidden\" name=\"page_url\" value=\"https:\/\/www.ibvbrezinka.sk\/en\/wp-json\/wp\/v2\/pages\/290\"><input type=\"hidden\" name=\"url_referer\" value=\"\"><button type=\"submit\" name=\"wpforms[submit]\" id=\"wpforms-submit-28\" class=\"wpforms-submit\" data-alt-text=\"Odosiela sa...\" data-submit-text=\"Odosla\u0165\" aria-live=\"assertive\" value=\"wpforms-submit\">Send<\/button><img decoding=\"async\" src=\"https:\/\/www.ibvbrezinka.sk\/wp-content\/plugins\/wpforms-lite\/assets\/images\/submit-spin.svg\" class=\"wpforms-submit-spinner\" style=\"display: none;\" width=\"26\" height=\"26\" alt=\"Loading\"><\/div><input type=\"hidden\" name=\"trp-form-language\" value=\"en\"\/><\/form><\/div>  <!-- .wpforms-container -->\t\t\t\t<\/div>\n\t\t\t\t<\/div>\n\t\t\t\t\t<\/div>\n\t\t\t\t<\/div>\n\t\t\t\t<div class=\"elementor-element elementor-element-a264173 elementor-widget elementor-widget-heading\" data-id=\"a264173\" data-element_type=\"widget\" data-widget_type=\"heading.default\">\n\t\t\t\t\t<h6 class=\"elementor-heading-title elementor-size-default\"><a href=\"https:\/\/www.ibvbrezinka.sk\/en\/ochrana-sukromia\/\" target=\"_blank\">*By submitting the form, I acknowledge the processing of personal data for the purpose of processing my inquiry.<\/a><\/h6>\t\t\t\t<\/div>\n\t\t\t\t\t<\/div>\n\t\t<\/div>\n\t\t\t\t\t<\/div>\n\t\t<\/section>\n\t\t\t\t<section class=\"elementor-section elementor-top-section elementor-element elementor-element-958106b elementor-section-content-middle elementor-section-boxed elementor-section-height-default elementor-section-height-default\" data-id=\"958106b\" data-element_type=\"section\" data-settings=\"{&quot;background_background&quot;:&quot;gradient&quot;,&quot;shape_divider_top&quot;:&quot;opacity-fan&quot;}\">\n\t\t\t\t\t<div class=\"elementor-shape elementor-shape-top\" aria-hidden=\"true\" data-negative=\"false\">\n\t\t\t<svg xmlns=\"http:\/\/www.w3.org\/2000\/svg\" viewbox=\"0 0 283.5 19.6\" preserveaspectratio=\"none\">\n\t<path class=\"elementor-shape-fill\" style=\"opacity:0.33\" d=\"M0 0L0 18.8 141.8 4.1 283.5 18.8 283.5 0z\"\/>\n\t<path class=\"elementor-shape-fill\" style=\"opacity:0.33\" d=\"M0 0L0 12.6 141.8 4 283.5 12.6 283.5 0z\"\/>\n\t<path class=\"elementor-shape-fill\" style=\"opacity:0.33\" d=\"M0 0L0 6.4 141.8 4 283.5 6.4 283.5 0z\"\/>\n\t<path class=\"elementor-shape-fill\" d=\"M0 0L0 1.2 141.8 4 283.5 1.2 283.5 0z\"\/>\n<\/svg>\t\t<\/div>\n\t\t\t\t\t<div class=\"elementor-container elementor-column-gap-custom\">\n\t\t\t\t\t<div class=\"elementor-column elementor-col-100 elementor-top-column elementor-element elementor-element-ffaf46f elementor-invisible\" data-id=\"ffaf46f\" data-element_type=\"column\" data-settings=\"{&quot;animation&quot;:&quot;fadeInDown&quot;}\">\n\t\t\t<div class=\"elementor-widget-wrap elementor-element-populated\">\n\t\t\t\t<div class=\"elementor-element elementor-element-c365a54 e-flex e-con-boxed elementor-invisible e-con e-parent\" data-id=\"c365a54\" data-element_type=\"container\" data-settings=\"{&quot;background_background&quot;:&quot;gradient&quot;,&quot;animation&quot;:&quot;fadeInLeft&quot;}\">\n\t\t\t\t\t<div class=\"e-con-inner\">\n\t\t\t\t<div class=\"elementor-element elementor-element-c911740 elementor-view-default elementor-widget elementor-widget-icon\" data-id=\"c911740\" data-element_type=\"widget\" data-widget_type=\"icon.default\">\n\t\t\t\t\t\t\t<div class=\"elementor-icon-wrapper\">\n\t\t\t<div class=\"elementor-icon\">\n\t\t\t<svg aria-hidden=\"true\" class=\"e-font-icon-svg e-fas-house-user\" viewbox=\"0 0 576 512\" xmlns=\"http:\/\/www.w3.org\/2000\/svg\"><path d=\"M570.69,236.27,512,184.44V48a16,16,0,0,0-16-16H432a16,16,0,0,0-16,16V99.67L314.78,10.3C308.5,4.61,296.53,0,288,0s-20.46,4.61-26.74,10.3l-256,226A18.27,18.27,0,0,0,0,248.2a18.64,18.64,0,0,0,4.09,10.71L25.5,282.7a21.14,21.14,0,0,0,12,5.3,21.67,21.67,0,0,0,10.69-4.11l15.9-14V480a32,32,0,0,0,32,32H480a32,32,0,0,0,32-32V269.88l15.91,14A21.94,21.94,0,0,0,538.63,288a20.89,20.89,0,0,0,11.87-5.31l21.41-23.81A21.64,21.64,0,0,0,576,248.19,21,21,0,0,0,570.69,236.27ZM288,176a64,64,0,1,1-64,64A64,64,0,0,1,288,176ZM400,448H176a16,16,0,0,1-16-16,96,96,0,0,1,96-96h64a96,96,0,0,1,96,96A16,16,0,0,1,400,448Z\"><\/path><\/svg>\t\t\t<\/div>\n\t\t<\/div>\n\t\t\t\t\t\t<\/div>\n\t\t\t\t<div class=\"elementor-element elementor-element-67c8115 elementor-widget elementor-widget-heading\" data-id=\"67c8115\" data-element_type=\"widget\" data-widget_type=\"heading.default\">\n\t\t\t\t\t<h2 class=\"elementor-heading-title elementor-size-default\">KONTAKTUJTE N\u00c1S<\/h2>\t\t\t\t<\/div>\n\t\t\t\t<div class=\"elementor-element elementor-element-458f875 elementor-widget elementor-widget-heading\" data-id=\"458f875\" data-element_type=\"widget\" data-widget_type=\"heading.default\">\n\t\t\t\t\t<h6 class=\"elementor-heading-title elementor-size-default\"><b>Email:<\/b> ibvbrezinka@gmail.com<br><b>Tel:<\/b> +421 948 089 515<\/h6>\t\t\t\t<\/div>\n\t\t\t\t\t<\/div>\n\t\t\t\t<\/div>\n\t\t\t\t\t<\/div>\n\t\t<\/div>\n\t\t\t\t\t<\/div>\n\t\t<\/section>\n\t\t\t\t<section class=\"elementor-section elementor-top-section elementor-element elementor-element-1216ddc elementor-section-content-middle elementor-section-boxed elementor-section-height-default elementor-section-height-default\" data-id=\"1216ddc\" data-element_type=\"section\" data-settings=\"{&quot;background_background&quot;:&quot;gradient&quot;}\">\n\t\t\t\t\t\t<div class=\"elementor-container elementor-column-gap-custom\">\n\t\t\t\t\t<div class=\"elementor-column elementor-col-100 elementor-top-column elementor-element elementor-element-7bf3256 elementor-invisible\" data-id=\"7bf3256\" data-element_type=\"column\" data-settings=\"{&quot;animation&quot;:&quot;fadeInDown&quot;}\">\n\t\t\t<div class=\"elementor-widget-wrap elementor-element-populated\">\n\t\t\t\t<div class=\"elementor-element elementor-element-3f9e2a6 e-flex e-con-boxed elementor-invisible e-con e-parent\" data-id=\"3f9e2a6\" data-element_type=\"container\" data-settings=\"{&quot;background_background&quot;:&quot;gradient&quot;,&quot;animation&quot;:&quot;fadeInLeft&quot;}\">\n\t\t\t\t\t<div class=\"e-con-inner\">\n\t\t\t\t<div class=\"elementor-element elementor-element-7280f73 elementor-widget elementor-widget-heading\" data-id=\"7280f73\" data-element_type=\"widget\" data-widget_type=\"heading.default\">\n\t\t\t\t\t<h6 class=\"elementor-heading-title elementor-size-default\"><b>JAN\u010cI &amp; Partners s.r.o.<\/b><br>Belopotock\u00e9ho 720\/2, Liptovsk\u00fd Mikul\u00e1\u0161, 031 01<\/h6>\t\t\t\t<\/div>\n\t\t\t\t\t<\/div>\n\t\t\t\t<\/div>\n\t\t\t\t\t<\/div>\n\t\t<\/div>\n\t\t\t\t\t<\/div>\n\t\t<\/section>\n\t\t\t\t<\/div>","protected":false},"excerpt":{"rendered":"<p>KONTAKT M\u00e1te ot\u00e1zky? Nap\u00ed\u0161te n\u00e1m! Please enable JavaScript in your browser to complete this form.Please enable JavaScript in your browser to complete this form.Meno *Priezvisko *Telef\u00f3nne \u010d\u00edslo *@ E-mail *Spr\u00e1va * Odosla\u0165 *Odoslan\u00edm formul\u00e1ra beriem na vedomie spracovanie osobn\u00fdch \u00fadajov za \u00fa\u010delom vybavenia dopytu. KONTAKTUJTE N\u00c1S Email: ibvbrezinka@gmail.comTel: +421 948 089 515 JAN\u010cI &amp; Partners [&hellip;]<\/p>","protected":false},"author":1,"featured_media":0,"parent":0,"menu_order":0,"comment_status":"closed","ping_status":"closed","template":"elementor_header_footer","meta":{"_eb_attr":"","om_disable_all_campaigns":false,"_monsterinsights_skip_tracking":false,"_monsterinsights_sitenote_active":false,"_monsterinsights_sitenote_note":"","_monsterinsights_sitenote_category":0,"footnotes":""},"class_list":["post-290","page","type-page","status-publish","hentry"],"aioseo_notices":[],"_links":{"self":[{"href":"https:\/\/www.ibvbrezinka.sk\/en\/wp-json\/wp\/v2\/pages\/290","targetHints":{"allow":["GET"]}}],"collection":[{"href":"https:\/\/www.ibvbrezinka.sk\/en\/wp-json\/wp\/v2\/pages"}],"about":[{"href":"https:\/\/www.ibvbrezinka.sk\/en\/wp-json\/wp\/v2\/types\/page"}],"author":[{"embeddable":true,"href":"https:\/\/www.ibvbrezinka.sk\/en\/wp-json\/wp\/v2\/users\/1"}],"replies":[{"embeddable":true,"href":"https:\/\/www.ibvbrezinka.sk\/en\/wp-json\/wp\/v2\/comments?post=290"}],"version-history":[{"count":49,"href":"https:\/\/www.ibvbrezinka.sk\/en\/wp-json\/wp\/v2\/pages\/290\/revisions"}],"predecessor-version":[{"id":1059,"href":"https:\/\/www.ibvbrezinka.sk\/en\/wp-json\/wp\/v2\/pages\/290\/revisions\/1059"}],"wp:attachment":[{"href":"https:\/\/www.ibvbrezinka.sk\/en\/wp-json\/wp\/v2\/media?parent=290"}],"curies":[{"name":"wp","href":"https:\/\/api.w.org\/{rel}","templated":true}]}}